{"id":2947,"date":"2026-01-29T09:26:56","date_gmt":"2026-01-29T09:26:56","guid":{"rendered":"https:\/\/zzhotfun.com\/?post_type=product&#038;p=2947"},"modified":"2026-02-10T06:22:15","modified_gmt":"2026-02-10T06:22:15","slug":"20-meter-ferris-wheel-supplier-20-meter-ferris-wheel-for-sale-2","status":"publish","type":"product","link":"https:\/\/zzhotfun.com\/es\/product\/20-meter-ferris-wheel-supplier-20-meter-ferris-wheel-for-sale-2\/","title":{"rendered":"Noria de 20 metros en venta"},"content":{"rendered":"<h2>Especificaciones de la Noria en Venta<\/h2>\n<table>\n<thead>\n<tr>\n<th>Altura<\/th>\n<th>Cabina<\/th>\n<th>Carga nominal<\/th>\n<th>Voltaje<\/th>\n<th>Potencia<\/th>\n<th>\u00c1rea<\/th>\n<th>Velocidad<\/th>\n<th>Potencia de iluminaci\u00f3n<\/th>\n<\/tr>\n<\/thead>\n<tbody>\n<tr>\n<td style=\"text-align: center;\">20 m<\/td>\n<td style=\"text-align: center;\">12 cabinas<\/td>\n<td style=\"text-align: center;\">48 pasajeros<\/td>\n<td style=\"text-align: center;\">380 V<\/td>\n<td style=\"text-align: center;\">6 kW<\/td>\n<td style=\"text-align: center;\">17 \u00d7 14 m<\/td>\n<td style=\"text-align: center;\">13 m\/min<\/td>\n<td style=\"text-align: center;\">4 kW<\/td>\n<\/tr>\n<\/tbody>\n<\/table>\n<p>&nbsp;<\/p>","protected":false},"excerpt":{"rendered":"<p>Esta noria de 20 metros es una atracci\u00f3n cl\u00e1sica y altamente reconocible para parques de atracciones, dise\u00f1ada espec\u00edficamente para parques de diversiones medianos y peque\u00f1os, parques tem\u00e1ticos, atracciones tur\u00edsticas y centros de entretenimiento familiar.<\/p>\n<p>Con su huella compacta, altura moderada y rendimiento operativo estable, esta noria de 20 metros ofrece un fuerte atractivo visual en proyectos comerciales manteniendo una excelente relaci\u00f3n costo-eficacia.<\/p>","protected":false},"featured_media":4069,"template":"","meta":{"_acf_changed":false},"product_brand":[],"product_cat":[22],"product_tag":[],"class_list":{"0":"post-2947","1":"product","2":"type-product","3":"status-publish","4":"has-post-thumbnail","6":"product_cat-ferris-wheel-manufacturer","8":"first","9":"instock","10":"shipping-taxable","11":"product-type-simple"},"acf":[],"_links":{"self":[{"href":"https:\/\/zzhotfun.com\/es\/wp-json\/wp\/v2\/product\/2947","targetHints":{"allow":["GET"]}}],"collection":[{"href":"https:\/\/zzhotfun.com\/es\/wp-json\/wp\/v2\/product"}],"about":[{"href":"https:\/\/zzhotfun.com\/es\/wp-json\/wp\/v2\/types\/product"}],"wp:featuredmedia":[{"embeddable":true,"href":"https:\/\/zzhotfun.com\/es\/wp-json\/wp\/v2\/media\/4069"}],"wp:attachment":[{"href":"https:\/\/zzhotfun.com\/es\/wp-json\/wp\/v2\/media?parent=2947"}],"wp:term":[{"taxonomy":"product_brand","embeddable":true,"href":"https:\/\/zzhotfun.com\/es\/wp-json\/wp\/v2\/product_brand?post=2947"},{"taxonomy":"product_cat","embeddable":true,"href":"https:\/\/zzhotfun.com\/es\/wp-json\/wp\/v2\/product_cat?post=2947"},{"taxonomy":"product_tag","embeddable":true,"href":"https:\/\/zzhotfun.com\/es\/wp-json\/wp\/v2\/product_tag?post=2947"}],"curies":[{"name":"wp","href":"https:\/\/api.w.org\/{rel}","templated":true}]}}